{"id":13,"date":"2024-02-29T22:15:18","date_gmt":"2024-02-29T21:15:18","guid":{"rendered":"https:\/\/zorskasamorzadnosc.pl\/?page_id=13"},"modified":"2024-02-29T22:15:18","modified_gmt":"2024-02-29T21:15:18","slug":"strona-glowna","status":"publish","type":"page","link":"https:\/\/zorskasamorzadnosc.pl\/?page_id=13","title":{"rendered":"Strona G\u0142\u00f3wna"},"content":{"rendered":"","protected":false},"excerpt":{"rendered":"","protected":false},"author":1,"featured_media":0,"parent":0,"menu_order":0,"comment_status":"closed","ping_status":"closed","template":"","meta":{"footnotes":""},"class_list":["post-13","page","type-page","status-publish","hentry"],"yoast_head":"<!-- This site is optimized with the Yoast SEO plugin v25.1 - https:\/\/yoast.com\/wordpress\/plugins\/seo\/ -->\n<title>Strona G\u0142\u00f3wna - \u017borska Samorz\u0105dno\u015b\u0107<\/title>\n<meta name=\"robots\" content=\"index, follow, max-snippet:-1, max-image-preview:large, max-video-preview:-1\" \/>\n<link rel=\"canonical\" href=\"https:\/\/zorskasamorzadnosc.pl\/?page_id=13\" \/>\n<meta property=\"og:locale\" content=\"pl_PL\" \/>\n<meta property=\"og:type\" content=\"article\" \/>\n<meta property=\"og:title\" content=\"Strona G\u0142\u00f3wna - \u017borska Samorz\u0105dno\u015b\u0107\" \/>\n<meta property=\"og:url\" content=\"https:\/\/zorskasamorzadnosc.pl\/?page_id=13\" \/>\n<meta property=\"og:site_name\" content=\"\u017borska Samorz\u0105dno\u015b\u0107\" \/>\n<meta name=\"twitter:card\" content=\"summary_large_image\" \/>\n<script type=\"application\/ld+json\" class=\"yoast-schema-graph\">{\"@context\":\"https:\/\/schema.org\",\"@graph\":[{\"@type\":\"WebPage\",\"@id\":\"https:\/\/zorskasamorzadnosc.pl\/?page_id=13\",\"url\":\"https:\/\/zorskasamorzadnosc.pl\/?page_id=13\",\"name\":\"Strona G\u0142\u00f3wna - \u017borska Samorz\u0105dno\u015b\u0107\",\"isPartOf\":{\"@id\":\"https:\/\/zorskasamorzadnosc.pl\/#website\"},\"datePublished\":\"2024-02-29T21:15:18+00:00\",\"breadcrumb\":{\"@id\":\"https:\/\/zorskasamorzadnosc.pl\/?page_id=13#breadcrumb\"},\"inLanguage\":\"pl-PL\",\"potentialAction\":[{\"@type\":\"ReadAction\",\"target\":[\"https:\/\/zorskasamorzadnosc.pl\/?page_id=13\"]}]},{\"@type\":\"BreadcrumbList\",\"@id\":\"https:\/\/zorskasamorzadnosc.pl\/?page_id=13#breadcrumb\",\"itemListElement\":[{\"@type\":\"ListItem\",\"position\":1,\"name\":\"Strona g\u0142\u00f3wna\",\"item\":\"https:\/\/zorskasamorzadnosc.pl\/\"},{\"@type\":\"ListItem\",\"position\":2,\"name\":\"Strona G\u0142\u00f3wna\"}]},{\"@type\":\"WebSite\",\"@id\":\"https:\/\/zorskasamorzadnosc.pl\/#website\",\"url\":\"https:\/\/zorskasamorzadnosc.pl\/\",\"name\":\"\u017borska Samorz\u0105dno\u015b\u0107\",\"description\":\"Strona po\u015bwi\u0119cona aktywno\u015bci politycznej Radnych \u017bor z \u017borskiej Samorz\u0105dno\u015bci i os\u00f3b z nimi wsp\u00f3\u0142pracuj\u0105cych.\",\"publisher\":{\"@id\":\"https:\/\/zorskasamorzadnosc.pl\/#organization\"},\"potentialAction\":[{\"@type\":\"SearchAction\",\"target\":{\"@type\":\"EntryPoint\",\"urlTemplate\":\"https:\/\/zorskasamorzadnosc.pl\/?s={search_term_string}\"},\"query-input\":{\"@type\":\"PropertyValueSpecification\",\"valueRequired\":true,\"valueName\":\"search_term_string\"}}],\"inLanguage\":\"pl-PL\"},{\"@type\":\"Organization\",\"@id\":\"https:\/\/zorskasamorzadnosc.pl\/#organization\",\"name\":\"\u017borska Samorz\u0105dno\u015b\u0107\",\"url\":\"https:\/\/zorskasamorzadnosc.pl\/\",\"logo\":{\"@type\":\"ImageObject\",\"inLanguage\":\"pl-PL\",\"@id\":\"https:\/\/zorskasamorzadnosc.pl\/#\/schema\/logo\/image\/\",\"url\":\"https:\/\/zorskasamorzadnosc.pl\/wp-content\/uploads\/2024\/02\/Logo-Zorska-samorzadnosc.jpg\",\"contentUrl\":\"https:\/\/zorskasamorzadnosc.pl\/wp-content\/uploads\/2024\/02\/Logo-Zorska-samorzadnosc.jpg\",\"width\":750,\"height\":750,\"caption\":\"\u017borska Samorz\u0105dno\u015b\u0107\"},\"image\":{\"@id\":\"https:\/\/zorskasamorzadnosc.pl\/#\/schema\/logo\/image\/\"}}]}<\/script>\n<!-- \/ Yoast SEO plugin. -->","yoast_head_json":{"title":"Strona G\u0142\u00f3wna - \u017borska Samorz\u0105dno\u015b\u0107","robots":{"index":"index","follow":"follow","max-snippet":"max-snippet:-1","max-image-preview":"max-image-preview:large","max-video-preview":"max-video-preview:-1"},"canonical":"https:\/\/zorskasamorzadnosc.pl\/?page_id=13","og_locale":"pl_PL","og_type":"article","og_title":"Strona G\u0142\u00f3wna - \u017borska Samorz\u0105dno\u015b\u0107","og_url":"https:\/\/zorskasamorzadnosc.pl\/?page_id=13","og_site_name":"\u017borska Samorz\u0105dno\u015b\u0107","twitter_card":"summary_large_image","schema":{"@context":"https:\/\/schema.org","@graph":[{"@type":"WebPage","@id":"https:\/\/zorskasamorzadnosc.pl\/?page_id=13","url":"https:\/\/zorskasamorzadnosc.pl\/?page_id=13","name":"Strona G\u0142\u00f3wna - \u017borska Samorz\u0105dno\u015b\u0107","isPartOf":{"@id":"https:\/\/zorskasamorzadnosc.pl\/#website"},"datePublished":"2024-02-29T21:15:18+00:00","breadcrumb":{"@id":"https:\/\/zorskasamorzadnosc.pl\/?page_id=13#breadcrumb"},"inLanguage":"pl-PL","potentialAction":[{"@type":"ReadAction","target":["https:\/\/zorskasamorzadnosc.pl\/?page_id=13"]}]},{"@type":"BreadcrumbList","@id":"https:\/\/zorskasamorzadnosc.pl\/?page_id=13#breadcrumb","itemListElement":[{"@type":"ListItem","position":1,"name":"Strona g\u0142\u00f3wna","item":"https:\/\/zorskasamorzadnosc.pl\/"},{"@type":"ListItem","position":2,"name":"Strona G\u0142\u00f3wna"}]},{"@type":"WebSite","@id":"https:\/\/zorskasamorzadnosc.pl\/#website","url":"https:\/\/zorskasamorzadnosc.pl\/","name":"\u017borska Samorz\u0105dno\u015b\u0107","description":"Strona po\u015bwi\u0119cona aktywno\u015bci politycznej Radnych \u017bor z \u017borskiej Samorz\u0105dno\u015bci i os\u00f3b z nimi wsp\u00f3\u0142pracuj\u0105cych.","publisher":{"@id":"https:\/\/zorskasamorzadnosc.pl\/#organization"},"potentialAction":[{"@type":"SearchAction","target":{"@type":"EntryPoint","urlTemplate":"https:\/\/zorskasamorzadnosc.pl\/?s={search_term_string}"},"query-input":{"@type":"PropertyValueSpecification","valueRequired":true,"valueName":"search_term_string"}}],"inLanguage":"pl-PL"},{"@type":"Organization","@id":"https:\/\/zorskasamorzadnosc.pl\/#organization","name":"\u017borska Samorz\u0105dno\u015b\u0107","url":"https:\/\/zorskasamorzadnosc.pl\/","logo":{"@type":"ImageObject","inLanguage":"pl-PL","@id":"https:\/\/zorskasamorzadnosc.pl\/#\/schema\/logo\/image\/","url":"https:\/\/zorskasamorzadnosc.pl\/wp-content\/uploads\/2024\/02\/Logo-Zorska-samorzadnosc.jpg","contentUrl":"https:\/\/zorskasamorzadnosc.pl\/wp-content\/uploads\/2024\/02\/Logo-Zorska-samorzadnosc.jpg","width":750,"height":750,"caption":"\u017borska Samorz\u0105dno\u015b\u0107"},"image":{"@id":"https:\/\/zorskasamorzadnosc.pl\/#\/schema\/logo\/image\/"}}]}},"_links":{"self":[{"href":"https:\/\/zorskasamorzadnosc.pl\/index.php?rest_route=\/wp\/v2\/pages\/13","targetHints":{"allow":["GET"]}}],"collection":[{"href":"https:\/\/zorskasamorzadnosc.pl\/index.php?rest_route=\/wp\/v2\/pages"}],"about":[{"href":"https:\/\/zorskasamorzadnosc.pl\/index.php?rest_route=\/wp\/v2\/types\/page"}],"author":[{"embeddable":true,"href":"https:\/\/zorskasamorzadnosc.pl\/index.php?rest_route=\/wp\/v2\/users\/1"}],"replies":[{"embeddable":true,"href":"https:\/\/zorskasamorzadnosc.pl\/index.php?rest_route=%2Fwp%2Fv2%2Fcomments&post=13"}],"version-history":[{"count":1,"href":"https:\/\/zorskasamorzadnosc.pl\/index.php?rest_route=\/wp\/v2\/pages\/13\/revisions"}],"predecessor-version":[{"id":14,"href":"https:\/\/zorskasamorzadnosc.pl\/index.php?rest_route=\/wp\/v2\/pages\/13\/revisions\/14"}],"wp:attachment":[{"href":"https:\/\/zorskasamorzadnosc.pl\/index.php?rest_route=%2Fwp%2Fv2%2Fmedia&parent=13"}],"curies":[{"name":"wp","href":"https:\/\/api.w.org\/{rel}","templated":true}]}}