{"id":30,"date":"2024-02-29T22:47:12","date_gmt":"2024-02-29T21:47:12","guid":{"rendered":"https:\/\/zorskasamorzadnosc.pl\/?page_id=30"},"modified":"2024-04-04T19:39:02","modified_gmt":"2024-04-04T17:39:02","slug":"biuletyn-informacji-publicznej","status":"publish","type":"page","link":"https:\/\/zorskasamorzadnosc.pl\/?page_id=30","title":{"rendered":"Biuletyn Informacji Publicznej"},"content":{"rendered":"\n<div class=\"wp-block-group\"><div class=\"wp-block-group__inner-container is-layout-constrained wp-block-group-is-layout-constrained\">\n<div class=\"wp-block-group\"><div class=\"wp-block-group__inner-container is-layout-constrained wp-block-group-is-layout-constrained\">\n<div class=\"wp-block-buttons is-layout-flex wp-block-buttons-is-layout-flex\"><\/div>\n<\/div><\/div>\n<\/div><\/div>\n\n\n\n<h4 class=\"wp-block-heading\" id=\"Informacje\">Informacje:<\/h4>\n\n\n\n<p class=\"has-text-align-center\">Nazwa Komitetu: <br><strong>KOMITET WYBORCZY WYBORC\u00d3W \u017bORSKA SAMORZ\u0104DNO\u015a\u0106 I KAZIMIERZ DAJKA<\/strong><br><br>Adres: ul. Moniuszki 18a, 44-240 \u017bory<br>NIP: <strong>651-174-68-38<\/strong><br>Numer Konta: PKO Bank Polski&nbsp;<strong>62 1020 2472 0000 6302&nbsp;0697&nbsp;7799<\/strong><br><\/p>\n\n\n\n<p class=\"has-text-align-center\">Data przyj\u0119cia zawiadomienia o utworzeniu komitetu:<br><strong>8 lutego 2024<\/strong><br><\/p>\n\n\n\n<p class=\"has-text-align-center\">Pe\u0142nomocnik Wyborczy: <strong>Dawid Grzegorz \u015awierczek<\/strong><br><\/p>\n\n\n\n<p class=\"has-text-align-center\">Pe\u0142nomocnik finansowy: <strong>Janusz Ryszard Hyba<\/strong><br><\/p>\n\n\n\n<p class=\"has-text-align-center\">Obszar rejestracji: <strong>Wojew\u00f3dztwo \u015bl\u0105skie<\/strong><\/p>\n\n\n\n<p><\/p>\n\n\n\n<h4 class=\"wp-block-heading\" id=\"Wplaty\">Rejestr wp\u0142at:<\/h4>\n\n\n\n<figure class=\"wp-block-table alignwide\" style=\"margin-right:var(--wp--preset--spacing--40);margin-left:var(--wp--preset--spacing--40)\"><table><tbody><tr><td>lp<\/td><td>Data wpisu<\/td><td>data wp\u0142aty<\/td><td>imi\u0119 (imiona)<\/td><td>Nazwisko<\/td><td>Miejscowo\u015b\u0107 zamieszkania<\/td><td>kwota wp\u0142aty<\/td><td>\u0141\u0105czna kwota wp\u0142at<\/td><td>Dodatkowe informacje<\/td><\/tr><tr><td>1<\/td><td>2024-03-08<\/td><td>2024-03-07<\/td><td>Krzysztof Piotr<\/td><td>Ha\u0142acz<\/td><td>\u017bory<\/td><td>5000,00 z\u0142<\/td><td>5 000,00 z\u0142<\/td><td><\/td><\/tr><tr><td>2<\/td><td>2024-03-14<\/td><td>2024-03-11<\/td><td>Aleksandra <\/td><td>Latusek<\/td><td>Tychy<\/td><td>5000,00 z\u0142<\/td><td>5 000,00 z\u0142<\/td><td><\/td><\/tr><tr><td>3<\/td><td>2024-03-14<\/td><td>2024-03-13<\/td><td>Danuta<\/td><td>Dajka <\/td><td>\u017bory<\/td><td>10 000,00 z\u0142<\/td><td>10 000,00 z\u0142<\/td><td><\/td><\/tr><tr><td>4<\/td><td>2024-03-20<\/td><td>2024-03-19<\/td><td>Dawid Grzegorz <\/td><td>\u015awierczek <\/td><td>\u017bory<\/td><td>5000,00 z\u0142<\/td><td>5 000,00 z\u0142<\/td><td><\/td><\/tr><tr><td>5<\/td><td>2024-03-20<\/td><td>2024-03-19<\/td><td>Dawid Grzegorz <\/td><td>\u015awierczek <\/td><td>\u017bory<\/td><td>300,00 z\u0142<\/td><td>5 300,00 z\u0142<\/td><td><\/td><\/tr><tr><td>6<\/td><td>2024-04-04<\/td><td>2024-04-02<\/td><td>Zbigniew Andrzej <\/td><td>Kr\u00f3wka <\/td><td>\u017bory<\/td><td>1000,00 z\u0142<\/td><td>5 000,00 z\u0142<\/td><td><\/td><\/tr><tr><td>7<\/td><td>2024-04-04<\/td><td>2024-04-03<\/td><td>W\u0142adys\u0142aw<\/td><td>\u0141ukasiewicz <\/td><td>\u017bory<\/td><td>3250,00 z\u0142<\/td><td>6 250,00 z\u0142<\/td><td><\/td><\/tr><tr><td>8<\/td><td>2024-04-04<\/td><td>2024-04-03<\/td><td>Aleksandra Latusek Tychy<\/td><td>Latusek<\/td><td>Tychy<\/td><td>300,00 z\u0142<\/td><td>5 300,00 z\u0142<\/td><td><\/td><\/tr><\/tbody><\/table><\/figure>\n\n\n\n<div class=\"wp-block-file\"><a id=\"wp-block-file--media-65925975-0eaf-4a73-90c0-884a897dd149\" href=\"https:\/\/zorskasamorzadnosc.pl\/wp-content\/uploads\/2024\/04\/Rejestr_wplat_-_04-04-2024.pdf\">Rejestr_wplat_-_04-04-2024<\/a><a href=\"https:\/\/zorskasamorzadnosc.pl\/wp-content\/uploads\/2024\/04\/Rejestr_wplat_-_04-04-2024.pdf\" class=\"wp-block-file__button wp-element-button\" download aria-describedby=\"wp-block-file--media-65925975-0eaf-4a73-90c0-884a897dd149\">Pobierz<\/a><\/div>\n\n\n\n<p><em>Ostatnia aktualizacja: 04.04.2024 &#8211; 19:40<br>Wprowadzona przez: Konrad Makarewicz<\/em><\/p>\n\n\n\n<h4 class=\"wp-block-heading\" id=\"Kredyty\">Rejestr zaci\u0105gni\u0119tych kredyt\u00f3w:<\/h4>\n\n\n\n<p>Brak Danych<\/p>\n\n\n\n<p><em>Ostatnia aktualizacja: 29.02.2024 &#8211; 23:23<br>Wprowadzona przez: Konrad Makarewicz<\/em><\/p>\n","protected":false},"excerpt":{"rendered":"<p>Informacje: Nazwa Komitetu: KOMITET WYBORCZY WYBORC\u00d3W \u017bORSKA SAMORZ\u0104DNO\u015a\u0106 I KAZIMIERZ DAJKA Adres: ul. Moniuszki 18a, 44-240 \u017boryNIP: 651-174-68-38Numer Konta: PKO Bank Polski&nbsp;62 1020 2472 0000 6302&nbsp;0697&nbsp;7799 Data przyj\u0119cia zawiadomienia o utworzeniu komitetu:8 lutego 2024 Pe\u0142nomocnik Wyborczy: Dawid Grzegorz \u015awierczek Pe\u0142nomocnik finansowy: Janusz Ryszard Hyba Obszar rejestracji: Wojew\u00f3dztwo \u015bl\u0105skie Rejestr wp\u0142at: lp Data wpisu data wp\u0142aty [&hellip;]<\/p>\n","protected":false},"author":1,"featured_media":0,"parent":0,"menu_order":0,"comment_status":"closed","ping_status":"closed","template":"","meta":{"footnotes":""},"class_list":["post-30","page","type-page","status-publish","hentry"],"yoast_head":"<!-- This site is optimized with the Yoast SEO plugin v25.1 - https:\/\/yoast.com\/wordpress\/plugins\/seo\/ -->\n<title>Biuletyn Informacji Publicznej - \u017borska Samorz\u0105dno\u015b\u0107<\/title>\n<meta name=\"robots\" content=\"index, follow, max-snippet:-1, max-image-preview:large, max-video-preview:-1\" \/>\n<link rel=\"canonical\" href=\"https:\/\/zorskasamorzadnosc.pl\/?page_id=30\" \/>\n<meta property=\"og:locale\" content=\"pl_PL\" \/>\n<meta property=\"og:type\" content=\"article\" \/>\n<meta property=\"og:title\" content=\"Biuletyn Informacji Publicznej - \u017borska Samorz\u0105dno\u015b\u0107\" \/>\n<meta property=\"og:description\" content=\"Informacje: Nazwa Komitetu: KOMITET WYBORCZY WYBORC\u00d3W \u017bORSKA SAMORZ\u0104DNO\u015a\u0106 I KAZIMIERZ DAJKA Adres: ul. Moniuszki 18a, 44-240 \u017boryNIP: 651-174-68-38Numer Konta: PKO Bank Polski&nbsp;62 1020 2472 0000 6302&nbsp;0697&nbsp;7799 Data przyj\u0119cia zawiadomienia o utworzeniu komitetu:8 lutego 2024 Pe\u0142nomocnik Wyborczy: Dawid Grzegorz \u015awierczek Pe\u0142nomocnik finansowy: Janusz Ryszard Hyba Obszar rejestracji: Wojew\u00f3dztwo \u015bl\u0105skie Rejestr wp\u0142at: lp Data wpisu data wp\u0142aty [&hellip;]\" \/>\n<meta property=\"og:url\" content=\"https:\/\/zorskasamorzadnosc.pl\/?page_id=30\" \/>\n<meta property=\"og:site_name\" content=\"\u017borska Samorz\u0105dno\u015b\u0107\" \/>\n<meta property=\"article:modified_time\" content=\"2024-04-04T17:39:02+00:00\" \/>\n<meta name=\"twitter:card\" content=\"summary_large_image\" \/>\n<meta name=\"twitter:label1\" content=\"Szacowany czas czytania\" \/>\n\t<meta name=\"twitter:data1\" content=\"1 minuta\" \/>\n<script type=\"application\/ld+json\" class=\"yoast-schema-graph\">{\"@context\":\"https:\/\/schema.org\",\"@graph\":[{\"@type\":\"WebPage\",\"@id\":\"https:\/\/zorskasamorzadnosc.pl\/?page_id=30\",\"url\":\"https:\/\/zorskasamorzadnosc.pl\/?page_id=30\",\"name\":\"Biuletyn Informacji Publicznej - \u017borska Samorz\u0105dno\u015b\u0107\",\"isPartOf\":{\"@id\":\"https:\/\/zorskasamorzadnosc.pl\/#website\"},\"datePublished\":\"2024-02-29T21:47:12+00:00\",\"dateModified\":\"2024-04-04T17:39:02+00:00\",\"breadcrumb\":{\"@id\":\"https:\/\/zorskasamorzadnosc.pl\/?page_id=30#breadcrumb\"},\"inLanguage\":\"pl-PL\",\"potentialAction\":[{\"@type\":\"ReadAction\",\"target\":[\"https:\/\/zorskasamorzadnosc.pl\/?page_id=30\"]}]},{\"@type\":\"BreadcrumbList\",\"@id\":\"https:\/\/zorskasamorzadnosc.pl\/?page_id=30#breadcrumb\",\"itemListElement\":[{\"@type\":\"ListItem\",\"position\":1,\"name\":\"Strona g\u0142\u00f3wna\",\"item\":\"https:\/\/zorskasamorzadnosc.pl\/\"},{\"@type\":\"ListItem\",\"position\":2,\"name\":\"Biuletyn Informacji Publicznej\"}]},{\"@type\":\"WebSite\",\"@id\":\"https:\/\/zorskasamorzadnosc.pl\/#website\",\"url\":\"https:\/\/zorskasamorzadnosc.pl\/\",\"name\":\"\u017borska Samorz\u0105dno\u015b\u0107\",\"description\":\"Strona po\u015bwi\u0119cona aktywno\u015bci politycznej Radnych \u017bor z \u017borskiej Samorz\u0105dno\u015bci i os\u00f3b z nimi wsp\u00f3\u0142pracuj\u0105cych.\",\"publisher\":{\"@id\":\"https:\/\/zorskasamorzadnosc.pl\/#organization\"},\"potentialAction\":[{\"@type\":\"SearchAction\",\"target\":{\"@type\":\"EntryPoint\",\"urlTemplate\":\"https:\/\/zorskasamorzadnosc.pl\/?s={search_term_string}\"},\"query-input\":{\"@type\":\"PropertyValueSpecification\",\"valueRequired\":true,\"valueName\":\"search_term_string\"}}],\"inLanguage\":\"pl-PL\"},{\"@type\":\"Organization\",\"@id\":\"https:\/\/zorskasamorzadnosc.pl\/#organization\",\"name\":\"\u017borska Samorz\u0105dno\u015b\u0107\",\"url\":\"https:\/\/zorskasamorzadnosc.pl\/\",\"logo\":{\"@type\":\"ImageObject\",\"inLanguage\":\"pl-PL\",\"@id\":\"https:\/\/zorskasamorzadnosc.pl\/#\/schema\/logo\/image\/\",\"url\":\"https:\/\/zorskasamorzadnosc.pl\/wp-content\/uploads\/2024\/02\/Logo-Zorska-samorzadnosc.jpg\",\"contentUrl\":\"https:\/\/zorskasamorzadnosc.pl\/wp-content\/uploads\/2024\/02\/Logo-Zorska-samorzadnosc.jpg\",\"width\":750,\"height\":750,\"caption\":\"\u017borska Samorz\u0105dno\u015b\u0107\"},\"image\":{\"@id\":\"https:\/\/zorskasamorzadnosc.pl\/#\/schema\/logo\/image\/\"}}]}<\/script>\n<!-- \/ Yoast SEO plugin. -->","yoast_head_json":{"title":"Biuletyn Informacji Publicznej - \u017borska Samorz\u0105dno\u015b\u0107","robots":{"index":"index","follow":"follow","max-snippet":"max-snippet:-1","max-image-preview":"max-image-preview:large","max-video-preview":"max-video-preview:-1"},"canonical":"https:\/\/zorskasamorzadnosc.pl\/?page_id=30","og_locale":"pl_PL","og_type":"article","og_title":"Biuletyn Informacji Publicznej - \u017borska Samorz\u0105dno\u015b\u0107","og_description":"Informacje: Nazwa Komitetu: KOMITET WYBORCZY WYBORC\u00d3W \u017bORSKA SAMORZ\u0104DNO\u015a\u0106 I KAZIMIERZ DAJKA Adres: ul. Moniuszki 18a, 44-240 \u017boryNIP: 651-174-68-38Numer Konta: PKO Bank Polski&nbsp;62 1020 2472 0000 6302&nbsp;0697&nbsp;7799 Data przyj\u0119cia zawiadomienia o utworzeniu komitetu:8 lutego 2024 Pe\u0142nomocnik Wyborczy: Dawid Grzegorz \u015awierczek Pe\u0142nomocnik finansowy: Janusz Ryszard Hyba Obszar rejestracji: Wojew\u00f3dztwo \u015bl\u0105skie Rejestr wp\u0142at: lp Data wpisu data wp\u0142aty [&hellip;]","og_url":"https:\/\/zorskasamorzadnosc.pl\/?page_id=30","og_site_name":"\u017borska Samorz\u0105dno\u015b\u0107","article_modified_time":"2024-04-04T17:39:02+00:00","twitter_card":"summary_large_image","twitter_misc":{"Szacowany czas czytania":"1 minuta"},"schema":{"@context":"https:\/\/schema.org","@graph":[{"@type":"WebPage","@id":"https:\/\/zorskasamorzadnosc.pl\/?page_id=30","url":"https:\/\/zorskasamorzadnosc.pl\/?page_id=30","name":"Biuletyn Informacji Publicznej - \u017borska Samorz\u0105dno\u015b\u0107","isPartOf":{"@id":"https:\/\/zorskasamorzadnosc.pl\/#website"},"datePublished":"2024-02-29T21:47:12+00:00","dateModified":"2024-04-04T17:39:02+00:00","breadcrumb":{"@id":"https:\/\/zorskasamorzadnosc.pl\/?page_id=30#breadcrumb"},"inLanguage":"pl-PL","potentialAction":[{"@type":"ReadAction","target":["https:\/\/zorskasamorzadnosc.pl\/?page_id=30"]}]},{"@type":"BreadcrumbList","@id":"https:\/\/zorskasamorzadnosc.pl\/?page_id=30#breadcrumb","itemListElement":[{"@type":"ListItem","position":1,"name":"Strona g\u0142\u00f3wna","item":"https:\/\/zorskasamorzadnosc.pl\/"},{"@type":"ListItem","position":2,"name":"Biuletyn Informacji Publicznej"}]},{"@type":"WebSite","@id":"https:\/\/zorskasamorzadnosc.pl\/#website","url":"https:\/\/zorskasamorzadnosc.pl\/","name":"\u017borska Samorz\u0105dno\u015b\u0107","description":"Strona po\u015bwi\u0119cona aktywno\u015bci politycznej Radnych \u017bor z \u017borskiej Samorz\u0105dno\u015bci i os\u00f3b z nimi wsp\u00f3\u0142pracuj\u0105cych.","publisher":{"@id":"https:\/\/zorskasamorzadnosc.pl\/#organization"},"potentialAction":[{"@type":"SearchAction","target":{"@type":"EntryPoint","urlTemplate":"https:\/\/zorskasamorzadnosc.pl\/?s={search_term_string}"},"query-input":{"@type":"PropertyValueSpecification","valueRequired":true,"valueName":"search_term_string"}}],"inLanguage":"pl-PL"},{"@type":"Organization","@id":"https:\/\/zorskasamorzadnosc.pl\/#organization","name":"\u017borska Samorz\u0105dno\u015b\u0107","url":"https:\/\/zorskasamorzadnosc.pl\/","logo":{"@type":"ImageObject","inLanguage":"pl-PL","@id":"https:\/\/zorskasamorzadnosc.pl\/#\/schema\/logo\/image\/","url":"https:\/\/zorskasamorzadnosc.pl\/wp-content\/uploads\/2024\/02\/Logo-Zorska-samorzadnosc.jpg","contentUrl":"https:\/\/zorskasamorzadnosc.pl\/wp-content\/uploads\/2024\/02\/Logo-Zorska-samorzadnosc.jpg","width":750,"height":750,"caption":"\u017borska Samorz\u0105dno\u015b\u0107"},"image":{"@id":"https:\/\/zorskasamorzadnosc.pl\/#\/schema\/logo\/image\/"}}]}},"_links":{"self":[{"href":"https:\/\/zorskasamorzadnosc.pl\/index.php?rest_route=\/wp\/v2\/pages\/30","targetHints":{"allow":["GET"]}}],"collection":[{"href":"https:\/\/zorskasamorzadnosc.pl\/index.php?rest_route=\/wp\/v2\/pages"}],"about":[{"href":"https:\/\/zorskasamorzadnosc.pl\/index.php?rest_route=\/wp\/v2\/types\/page"}],"author":[{"embeddable":true,"href":"https:\/\/zorskasamorzadnosc.pl\/index.php?rest_route=\/wp\/v2\/users\/1"}],"replies":[{"embeddable":true,"href":"https:\/\/zorskasamorzadnosc.pl\/index.php?rest_route=%2Fwp%2Fv2%2Fcomments&post=30"}],"version-history":[{"count":15,"href":"https:\/\/zorskasamorzadnosc.pl\/index.php?rest_route=\/wp\/v2\/pages\/30\/revisions"}],"predecessor-version":[{"id":299,"href":"https:\/\/zorskasamorzadnosc.pl\/index.php?rest_route=\/wp\/v2\/pages\/30\/revisions\/299"}],"wp:attachment":[{"href":"https:\/\/zorskasamorzadnosc.pl\/index.php?rest_route=%2Fwp%2Fv2%2Fmedia&parent=30"}],"curies":[{"name":"wp","href":"https:\/\/api.w.org\/{rel}","templated":true}]}}